{"id":9,"date":"2026-04-23T08:19:40","date_gmt":"2026-04-23T08:19:40","guid":{"rendered":"https:\/\/pbwrk221at.web.bib.de\/?page_id=9"},"modified":"2026-04-23T10:54:29","modified_gmt":"2026-04-23T10:54:29","slug":"venedig-blog","status":"publish","type":"page","link":"https:\/\/pbwrk221at.web.bib.de\/","title":{"rendered":"Lieblingsstadt &#8211; Venedig"},"content":{"rendered":"\t\t<div data-elementor-type=\"wp-page\" data-elementor-id=\"9\" class=\"elementor elementor-9\">\n\t\t\t\t<div class=\"elementor-element elementor-element-035be46 e-flex e-con-boxed e-con e-parent\" data-id=\"035be46\" data-element_type=\"container\" data-e-type=\"container\">\n\t\t\t\t\t<div class=\"e-con-inner\">\n\t\t\t\t\t\t\t<h2 \n\t\tdata-interaction-id=\"3b7bb35\" \n\t\tclass=\"e-3b7bb35-dd57338 e-heading-base\" \n\t\t \n\t\t\n\t>\n\t\n\t\t\tLieblingsstadt - Venedig\n\t\t<\/h2>\n\t\t\t\t\t<\/div>\n\t\t\t\t<\/div>\n\t\t<div class=\"elementor-element elementor-element-497a360 e-flex e-con-boxed e-con e-parent\" data-id=\"497a360\" data-element_type=\"container\" data-e-type=\"container\">\n\t\t\t\t\t<div class=\"e-con-inner\">\n\t\t<div class=\"elementor-element elementor-element-80784d6 e-con-full e-flex e-con e-child\" data-id=\"80784d6\" data-element_type=\"container\" data-e-type=\"container\">\n\t\t\t\t\t\t\t\n\t\t<img class=\"e-image-base \" \n\t\t\t\t\tdata-interaction-id=\"60f176a\" \n\t\t \n\t\t \n\t\t\t\t\t\t\t\t\tid=\"21\"\n\t\t\t\t\t\t\t\t\t\t\t\tsrc=\"https:\/\/pbwrk221at.web.bib.de\/wp-content\/uploads\/2026\/04\/venedig4.avif\"\n\t\t\t\t\t\t\t\t\t\t\t\twidth=\"735\"\n\t\t\t\t\t\t\t\t\t\t\t\theight=\"980\"\n\t\t\t\t\t\t\t\t\t\t\t\tsrcset=\"https:\/\/pbwrk221at.web.bib.de\/wp-content\/uploads\/2026\/04\/venedig4.avif 735w, https:\/\/pbwrk221at.web.bib.de\/wp-content\/uploads\/2026\/04\/venedig4-225x300.jpg 225w\"\n\t\t\t\t\t\t\t\t\t\t\t\talt=\"\"\n\t\t\t\t\t\t\/>\n\t\t\t\t\t<\/div>\n\t\t<div class=\"elementor-element elementor-element-8060436 e-con-full e-flex e-con e-child\" data-id=\"8060436\" data-element_type=\"container\" data-e-type=\"container\">\n\t\t\t\t\t\t\t<h2 \n\t\tdata-interaction-id=\"cd95184\" \n\t\tclass=\"e-cd95184-311ce8a e-heading-base\" \n\t\t \n\t\t\n\t>\n\t\n\t\t\tDie sch\u00f6nste Stadt- aber warum?<br><br>Tipps, was es alles in Venedig zu sehen gibt und was du auf keinen Fall verpassen solltest, findest du hier.&nbsp;<br>VIEL SPA\u00df!<br><br>\n\t\t<\/h2>\n\t\t\t\t<\/div>\n\t\t\t\t\t<\/div>\n\t\t\t\t<\/div>\n\t\t<div class=\"elementor-element elementor-element-af024d8 e-flex e-con-boxed e-con e-parent\" data-id=\"af024d8\" data-element_type=\"container\" data-e-type=\"container\">\n\t\t\t\t\t<div class=\"e-con-inner\">\n\t\t<div class=\"elementor-element elementor-element-cb215b9 e-con-full e-flex e-con e-child\" data-id=\"cb215b9\" data-element_type=\"container\" data-e-type=\"container\">\n\t\t\t\t\t\t\t<h2 \n\t\tdata-interaction-id=\"dd8c638\" \n\t\tclass=\"e-dd8c638-bbdf422 e-heading-base\" \n\t\t \n\t\t\n\t>\n\t\n\t\t\t1. Hotels<br><br>In Venedig gibt es viele beliebte und sch\u00f6ne Hotels. Eine andere Idee w\u00e4re aber, sich eine Wohnung, ein Air bnb, zu mieten. Meistens wohnt man dann ein bisschen au\u00dferhalb der Stadt, kann aber super mit einem Bus oder der Bahn nach Venedig reinfahren. Dann sieht man auch noch ein bisschen der Umgebung Venedigs.&nbsp;<br>\n\t\t<\/h2>\n\t\t\t\t<\/div>\n\t\t<div class=\"elementor-element elementor-element-c6743f9 e-con-full e-flex e-con e-child\" data-id=\"c6743f9\" data-element_type=\"container\" data-e-type=\"container\">\n\t\t\t\t\t\t\t\n\t\t<img class=\"e-image-base \" \n\t\t\t\t\tdata-interaction-id=\"56b98c5\" \n\t\t \n\t\t \n\t\t\t\t\t\t\t\t\tid=\"48\"\n\t\t\t\t\t\t\t\t\t\t\t\tsrc=\"https:\/\/pbwrk221at.web.bib.de\/wp-content\/uploads\/2026\/04\/palacioerick-indoors-4234072_1920.jpg\"\n\t\t\t\t\t\t\t\t\t\t\t\twidth=\"1920\"\n\t\t\t\t\t\t\t\t\t\t\t\theight=\"1280\"\n\t\t\t\t\t\t\t\t\t\t\t\tsrcset=\"https:\/\/pbwrk221at.web.bib.de\/wp-content\/uploads\/2026\/04\/palacioerick-indoors-4234072_1920.jpg 1920w, https:\/\/pbwrk221at.web.bib.de\/wp-content\/uploads\/2026\/04\/palacioerick-indoors-4234072_1920-300x200.jpg 300w, https:\/\/pbwrk221at.web.bib.de\/wp-content\/uploads\/2026\/04\/palacioerick-indoors-4234072_1920-1024x683.jpg 1024w, https:\/\/pbwrk221at.web.bib.de\/wp-content\/uploads\/2026\/04\/palacioerick-indoors-4234072_1920-768x512.jpg 768w, https:\/\/pbwrk221at.web.bib.de\/wp-content\/uploads\/2026\/04\/palacioerick-indoors-4234072_1920-1536x1024.jpg 1536w\"\n\t\t\t\t\t\t\t\t\t\t\t\talt=\"\"\n\t\t\t\t\t\t\/>\n\t\t\t\t\t<\/div>\n\t\t\t\t\t<\/div>\n\t\t\t\t<\/div>\n\t\t\t\t<\/div>\n\t\t","protected":false},"excerpt":{"rendered":"<p>Lieblingsstadt &#8211; Venedig Die sch\u00f6nste Stadt- aber warum? Tipps, was es alles in Venedig zu sehen gibt und was du auf keinen Fall verpassen solltest, findest du hier.&nbsp;VIEL SPA\u00df! 1. Hotels In Venedig gibt es viele beliebte und sch\u00f6ne Hotels. Eine andere Idee w\u00e4re aber, sich eine Wohnung, ein Air bnb, zu mieten. Meistens wohnt [&hellip;]<\/p>\n","protected":false},"author":1,"featured_media":0,"parent":0,"menu_order":0,"comment_status":"closed","ping_status":"closed","template":"elementor_canvas","meta":{"footnotes":""},"class_list":["post-9","page","type-page","status-publish","hentry"],"_links":{"self":[{"href":"https:\/\/pbwrk221at.web.bib.de\/index.php?rest_route=\/wp\/v2\/pages\/9","targetHints":{"allow":["GET"]}}],"collection":[{"href":"https:\/\/pbwrk221at.web.bib.de\/index.php?rest_route=\/wp\/v2\/pages"}],"about":[{"href":"https:\/\/pbwrk221at.web.bib.de\/index.php?rest_route=\/wp\/v2\/types\/page"}],"author":[{"embeddable":true,"href":"https:\/\/pbwrk221at.web.bib.de\/index.php?rest_route=\/wp\/v2\/users\/1"}],"replies":[{"embeddable":true,"href":"https:\/\/pbwrk221at.web.bib.de\/index.php?rest_route=%2Fwp%2Fv2%2Fcomments&post=9"}],"version-history":[{"count":18,"href":"https:\/\/pbwrk221at.web.bib.de\/index.php?rest_route=\/wp\/v2\/pages\/9\/revisions"}],"predecessor-version":[{"id":59,"href":"https:\/\/pbwrk221at.web.bib.de\/index.php?rest_route=\/wp\/v2\/pages\/9\/revisions\/59"}],"wp:attachment":[{"href":"https:\/\/pbwrk221at.web.bib.de\/index.php?rest_route=%2Fwp%2Fv2%2Fmedia&parent=9"}],"curies":[{"name":"wp","href":"https:\/\/api.w.org\/{rel}","templated":true}]}}